{"id":1411,"date":"2022-06-25T17:47:40","date_gmt":"2022-06-25T15:47:40","guid":{"rendered":"https:\/\/nabburg-pfreimd-evangelisch.de\/?page_id=1411"},"modified":"2023-08-18T14:00:57","modified_gmt":"2023-08-18T12:00:57","slug":"pauluskirche-und-evangelische-kirchengemeinde-pfreimd","status":"publish","type":"page","link":"https:\/\/nabburg-pfreimd-evangelisch.de\/?page_id=1411","title":{"rendered":"Pauluskirche und evangelische Kirchengemeinde Pfreimd"},"content":{"rendered":"<p><img loading=\"lazy\" decoding=\"async\" class=\"alignleft\" src=\"https:\/\/nabburg-pfreimd-evangelisch.de\/wp-content\/uploads\/Pauluskirche\/Pauluskirche_Pfreimd_SW-scaled-1.jpg\" alt=\"\" width=\"400\" height=\"266\" \/>Der Reformation Martin Luthers schlossen sich auch Pfreimder B\u00fcrger an. Ende des 16. Jahrhunderts griff Landgraf Georg Ludwig durch, um den rechten, katholischen Glauben \u00a0auch in Pfreimd wieder durchzusetzen. Nach dem Motto &#8222;<em>Cuius regio, cuius religio<\/em>&#8220; &#8211; der Landgraf bestimmt die Religion &#8211; bereitete er die Rekatholisierung seiner der lutherischen Lehre noch anh\u00e4ngenden Untertanen vor. Mit Erfolg! So konnte er am 15. Juni 1590 an Herzog Wilhelm von Bayern berichten: &#8222;<em>Euer Gnaden kann ich mit Freuden zu berichten nicht umgehen, da\u00df gottlob alle meine Untertanen allhie zu Pfreimd sich zu unserer wahren katholischen Religion begeben haben und unter denselben nur vier hinausziehen, also da\u00df ich gottlob meine Untertanen wieder in dem rechten Schafstall habe.<\/em>&#8220;<\/p>\n<p>360 Jahre sollte es von 1589 &#8211; das Jahr des letzten protestantische Gottesdienst in Pfreimd &#8211; an dauern, bis wieder ein evangelischer Gottesdienst in Pfreimd stattfand. 1949 hielt der erste exponierte Vikar in Nabburg, Klaus Bruch, einen evangelischen Gottesdienst in der Pfreimder Friedhofskirche. Nach dem 2. Weltkrieg war die Zahl der Protestanten durch den Zustrom von Fl\u00fcchtlingen und Vertriebenen auch in Pfreimd angewachsen. Organisatorisch geh\u00f6rten sie zur \u00e4lteren Nabburger Kirchengemeinde. In Pfreimd\u00a0stellte ihnen die katholische Kirchenverwaltung Pfreimd f\u00fcr fast 25 Jahre die Friedhofskirche f\u00fcr Gottesdienste zur Verf\u00fcgung und begr\u00fcndete unter anderem damit die bis heute bestehende Verbundenheit zwischen der katholischen und evangelischen Kirchengemeinde in Pfreimd.<\/p>\n<p>Von Pfarrer Wilhelm Gerbert wurde in den sp\u00e4ten 50er Jahren der Evangelisch-Lutherische Kirchenbau-Verein Pfreimd ins Leben gerufen. In der Folge gab es erste Vorplanungen f\u00fcr den als dringend notwendig angesehenen Kirchenbau. Erste Entw\u00fcrfe wurden erstellt, so z. B. schon im Hinblick auf die abzusehende Ansiedlung der Bundeswehr 1964 ein Vorentwurf des Architekten Weiler aus M\u00fcnchen. Dieser aber war so gro\u00df und kostspielig, das dessen Realisierung an den finanziellen M\u00f6glichkeiten der kleinen Pfreimder Kirchengemeinde scheiterten.<\/p>\n<p>1966 wurde die Pfreimder Kirchengemeinde selbst\u00e4ndig.<\/p>\n<p>1968 stand endg\u00fcltig fest, dass Pfreimd Garnisonsstadt werden sollte. Es war abzusehen, dass es zum Zuzug vieler auch evangelischer Bundeswehrangeh\u00f6riger kommen werde. Die Bundesrepublik Deutschland sah die Notwendigkeit, als Folgeeinrichtung der Garnison den Bau der Kirche zu unterst\u00fctzen, um evangelischen Bundeswehrangeh\u00f6rigen den Besuch von Gottesdiensten in einer eigenen Kirche zu erm\u00f6glichen. Sie erkl\u00e4rte sich bereit, ~60 % der veranschlagten Baukosten zu \u00fcbernehmen.<\/p>\n<p><img loading=\"lazy\" decoding=\"async\" class=\"alignright\" src=\"https:\/\/nabburg-pfreimd-evangelisch.de\/wp-content\/uploads\/Pauluskirche\/Bauschild_Pauluskirche-scaled-1.jpg\" alt=\"\" width=\"400\" height=\"263\" \/>Mit dem Bau konnte nun begonnen werden. Am 15. August 1971 legte Milit\u00e4rdekan Kirchenrat Grie\u00dfbach den Grundstein mit folgendem Wortlaut:<\/p>\n<p style=\"text-align: center;\">&#8222;<strong>IM JAHRE 1971<\/strong><br \/>\nwurde der Grundstein zu der evangelischen<br \/>\n<strong>PAULUSKIRCHE<\/strong><br \/>\nin Pfreimd gelegt.&#8220;<\/p>\n<p>Die Kirche entwarf Architekt Horst Rudorf aus Hof, die Bauarbeiten wurden von der Firma Georg H\u00f6sl aus Pfreimd ausgef\u00fchrt.<\/p>\n<p>Der Entwurf ber\u00fccksichtigte einerseits die Bed\u00fcrfnisse der Diasporagemeinde und andererseits die zuziehende, sich an Gr\u00f6\u00dfe und Engagement st\u00e4ndig \u00e4ndernde Gastgemeinde aus den Reihen der Bundeswehr:<\/p>\n<ul>\n<li>Der Kirchenraum ist fast quadratisch, \u00fcber ihm steigt das Dach zweiseitig zu einem spitzen Giebel empor. Gegen\u00fcber ist das Dach sehr weit heruntergezogen.<\/li>\n<li>Die Einrichtung des Kirchenraumes wurde flexibel gestaltet, um den Raum f\u00fcr neue Gottesdienstformen und die verschiedensten Gemeindeveranstaltungen offen zu halten.\n<ul>\n<li>Altar,Pult und Taufbecken k\u00f6nnen zu einer Wand hin orientiert oder zentrisch aufgestellt werden, die Gemeinde sitzt auf dem jeweiligen Anlass entsprechend angeordneten St\u00fchlen.<\/li>\n<li>An der Wand ist ringsumlaufend eine Bank angebracht, die weitere Sitzpl\u00e4tze bietet.<\/li>\n<\/ul>\n<\/li>\n<li>Direkt angebaut ist ein Gemeinderaum mit Flachdecke, der vom Kirchenraum durch eine Faltwand abgetrennt ist und so entweder gesondert genutzt werden oder den Kirchenraum um weitere 50 Pl\u00e4tze erweitern kann. Separate Eing\u00e4nge existieren f\u00fcr Kirchen- und Gemeinderaum.<\/li>\n<li>In einem separaten Anbau befindet sich die Sakristei, die auch als kleiner Besprechungsraum oder f\u00fcr parallel zum Hauptgottesdienst stattfindende Kindergottesdienste genutzt werden kann.<\/li>\n<\/ul>\n<div style=\"width: 310px\" class=\"wp-caption alignright\"><img loading=\"lazy\" decoding=\"async\" src=\"https:\/\/nabburg-pfreimd-evangelisch.de\/wp-content\/uploads\/Pauluskirche\/IMG_2062-scaled.jpg\" alt=\"\" width=\"300\" height=\"400\" \/><p class=\"wp-caption-text\">Altar Ostergottesdienst<\/p><\/div>\n<p>Seit nunmehr 50 Jahren ist die Pfreimder Pauluskirche Heimat der evangelischen Christen des Ortes. Viele Veranstaltungen fanden und finden dort statt. In den Jahren der Corona-Pandemie erwies sich die variable Gestaltung des Innenraumes als ideal, da die Bestuhlung den jeweils geltenden Vorgaben der Hygienschutzma\u00dfnahmen angepasst werden konnte. Auch f\u00fcr gemeinsame Gottesdienste der Kirchengemeinden Nabburg und Pfreimd, bei denen viele Besucher erwartet werden, wie. z. B. Konfirmations-, Weihnachts- oder Ostergottesdienste, wird sie genutzt.<\/p>\n<p>Die Pfreimder Kirchengemeinde geh\u00f6rt zu den kleinsten Kirchengemeinden im Dekanat Sulzbach-Rosenberg. Nach 50 Jahren sind f\u00fcr uns recht aufw\u00e4ndige Renovierungsarbeiten notwendig. Sie k\u00f6nnen uns dabei mit einer Spende mit dem Verwendungszweck &#8222;Renovierung Pauluskirche&#8220; auf das Konto<\/p>\n<p>&nbsp;<\/p>\n<p><img decoding=\"async\" class=\"\" src=\"https:\/\/nabburg-pfreimd-evangelisch.de\/wp-content\/uploads\/2023\/Konto_Pfreimd.jpg\" alt=\"\" width=\"500\" \/><\/p>\n<p>unterst\u00fctzen. Daf\u00fcr danken wir herzlich.<\/p>\n<p>&nbsp;<\/p>\n","protected":false},"excerpt":{"rendered":"<p><img loading=\"lazy\" decoding=\"async\" class=\"alignleft\" src=\"https:\/\/nabburg-pfreimd-evangelisch.de\/wp-content\/uploads\/Pauluskirche\/Pauluskirche_Pfreimd_SW-scaled-1.jpg\" alt=\"\" width=\"400\" height=\"266\" \/>Der Reformation Martin Luthers schlossen sich auch Pfreimder B\u00fcrger an. Ende des 16. Jahrhunderts griff Landgraf Georg Ludwig durch, um den rechten, katholischen Glauben \u00a0auch in Pfreimd wieder durchzusetzen. Nach dem Motto &#8222;<em>Cuius regio, cuius religio<\/em>&#8220;<\/p>\n<p><span class=\"ellipsis\">&hellip;<\/span><\/p>\n<div class=\"read-more\"><a href=\"https:\/\/nabburg-pfreimd-evangelisch.de\/?page_id=1411\">Weiterlesen \u203a<\/a><\/div>\n<p><!-- end of .read-more --><\/p>\n","protected":false},"author":1,"featured_media":0,"parent":0,"menu_order":0,"comment_status":"closed","ping_status":"closed","template":"","meta":{"footnotes":""},"class_list":["post-1411","page","type-page","status-publish","hentry"],"_links":{"self":[{"href":"https:\/\/nabburg-pfreimd-evangelisch.de\/index.php?rest_route=\/wp\/v2\/pages\/1411","targetHints":{"allow":["GET"]}}],"collection":[{"href":"https:\/\/nabburg-pfreimd-evangelisch.de\/index.php?rest_route=\/wp\/v2\/pages"}],"about":[{"href":"https:\/\/nabburg-pfreimd-evangelisch.de\/index.php?rest_route=\/wp\/v2\/types\/page"}],"author":[{"embeddable":true,"href":"https:\/\/nabburg-pfreimd-evangelisch.de\/index.php?rest_route=\/wp\/v2\/users\/1"}],"replies":[{"embeddable":true,"href":"https:\/\/nabburg-pfreimd-evangelisch.de\/index.php?rest_route=%2Fwp%2Fv2%2Fcomments&post=1411"}],"version-history":[{"count":19,"href":"https:\/\/nabburg-pfreimd-evangelisch.de\/index.php?rest_route=\/wp\/v2\/pages\/1411\/revisions"}],"predecessor-version":[{"id":1764,"href":"https:\/\/nabburg-pfreimd-evangelisch.de\/index.php?rest_route=\/wp\/v2\/pages\/1411\/revisions\/1764"}],"wp:attachment":[{"href":"https:\/\/nabburg-pfreimd-evangelisch.de\/index.php?rest_route=%2Fwp%2Fv2%2Fmedia&parent=1411"}],"curies":[{"name":"wp","href":"https:\/\/api.w.org\/{rel}","templated":true}]}}